{"id":614,"date":"2016-08-19T15:26:53","date_gmt":"2016-08-19T13:26:53","guid":{"rendered":"http:\/\/gilbertbrands.de\/blog\/?page_id=614"},"modified":"2023-12-09T08:52:28","modified_gmt":"2023-12-09T07:52:28","slug":"impressum","status":"publish","type":"page","link":"https:\/\/gilbertbrands.de\/blog\/impressum\/","title":{"rendered":"Impressum"},"content":{"rendered":"<p><strong>Datenschutzerkl\u00e4rung<\/strong><\/p>\n<p>Wenn ihr euch \u00fcber eure Rechte genauer informieren wollt (ich wei\u00df nicht, ob &#8222;du&#8220; nicht schon ein Versto\u00df gegen diese Rechte ist, aber sei&#8217;s drum), k\u00f6nnt ihr euch <a href=\"https:\/\/dsgvo-gesetz.de\/\">hier<\/a> &#8222;\u00fcbersichtlich&#8220; (lach, prust) informieren.<\/p>\n<p>Im Einzelnen gilt f\u00fcr diese Webseite:<\/p>\n<ol>\n<li>Wir zeichnen keinerlei pers\u00f6nliche Daten von Besuchern dieser Seite auf, es sei denn, der Besucher gibt diese bei Kommentaren oder f\u00fcr Abonnements selbst und freiwillig ein (Name und\/oder Email-Adresse). Eine Eingabe der Daten wird als Einverst\u00e4ndniserkl\u00e4rung zur Speicherung und Kontaktaufnahme angesehen.<\/li>\n<li>Ihr habt jederzeit das Recht, Auskunft \u00fcber Daten, die m\u00f6glicherweise \u00fcber euch gespeichert sind, zu verlangen und diese l\u00f6schen zu lassen. Aus Datenschutzgr\u00fcnden ist es nur m\u00f6glich, solche Ausk\u00fcnfte zu erteilen, wenn wir uns vorher von eurer Identit\u00e4t \u00fcberzeugt haben (sonst k\u00f6nntet ihr ja Daten Dritter abgreifen).<\/li>\n<li>Serverbetreiber zeichnen IP-Adressen von Nutzern zeitweise auf, ohne ausdr\u00fccklich eine schriftliche Genehmigung von jedem Nutzer einzuholen (schau schau, <a href=\"https:\/\/www.ratgeberrecht.eu\/internetrecht-aktuell\/eugh-erlaubt-ip-logging-durch-webseiten-betreiber.html\">das TMG widerspricht der DVGSO und bekommt sogar Recht<\/a>, ja es gibt <a href=\"https:\/\/de.wikipedia.org\/wiki\/Vorratsdatenspeicherung\">sogar seit 2008 eine gesetzliche Verpflichtung auf EU-Ebene dazu<\/a>). Tut mir leid, aber f\u00fcr diesen widersinnigen Schwachsinn kann ich nichts.\u00b9\u207e\u00a0 Wendet euch an die Schwachk\u00f6pfe in Br\u00fcssel und Berlin. Weitere Details siehe unten.<\/li>\n<li>Wir verwenden Standardsoftware (<a href=\"https:\/\/de.wordpress.com\/\">wordpress<\/a>), deren Hersteller die Einhaltung der DVGSO zusichert, d.h. keine Daten von Nutzern ohne Genehmigung aufgezeichnet oder weitergeleitet werden. M\u00f6glicherweise verwendet diese Software sowie von uns selbst geschriebene zus\u00e4tzliche Software Cookies, die jedoch ausschlie\u00dflich der Men\u00fcsteuerung dienen und nicht f\u00fcr die Identifikation von Nutzern eingesetzt wird. Bez\u00fcglich der wordpress-Standardsoftware konsultiert bitte deren Seite f\u00fcr Details.<\/li>\n<li>Wir haben nach bestem Wissen s\u00e4mtliche Plugins, die bei Aufruf dieser Seite Informationen an Seiten Dritter \u00fcbermitteln (Fakebook, Gurgel, etracker, usw.) und zur Identifizierung von Nutzern und ihrem Verhalten f\u00fchren k\u00f6nnen, entfernt.<\/li>\n<li>Software unterliegt regelm\u00e4\u00dfigen \u00c4nderungen und Anpassungen, um Sicherheit und Bedienkomfort zu gew\u00e4hrleisten. Wir k\u00f6nnen nicht ausschlie\u00dfen, dass trotz Zusicherung der Einhaltung Datenschutzstandards durch die Anbieter und eigener sorgf\u00e4ltiger Pr\u00fcfung Unklarheiten in Details auftreten. Angemeldete Bedenken werden von uns umgehend und sorgf\u00e4ltig gepr\u00fcft und Fehler behoben.<\/li>\n<li>Inhalte dieser Seite enthalten Links auf Seiten anderer Betreiber (innerhalb der einzelnen Beitr\u00e4ge oder auch auf Bezugsm\u00f6glichkeiten auf der B\u00fccherseite). Wir k\u00f6nnen nicht ausschlie\u00dfen, dass sich die Betreiber dieser Seiten nicht an die Regelungen GVDSO halten oder zus\u00e4tzliche Daten erheben. Das Anklicken dieser Links erfolgt daher ausdr\u00fccklich und ausschlie\u00dflich auf eigene Gefahr.<\/li>\n<li>Unsere Seite enth\u00e4lt Links\/Buttons zu sozialen Netzwerken, \u00fcber die Beitr\u00e4ge auf dieser Webseite in sozialien Netzwerken geteilt werden k\u00f6nnen. Wir weisen ausdr\u00fccklich darauf hin, dass die Benutzung dieser Buttons von den Betreibern der sozialen Netzwerke f\u00fcr das Aufzeichnen von Nutzeraktivit\u00e4ten verwendet werden k\u00f6nnen (nur die Benutzung, nicht bereits die Anwesenheit der Buttons auf unserer Webseite). Darauf haben wir keinen Einfluss. Wir stellen mit den Buttons lediglich die M\u00f6glichkeit des einfachen Teilens in sozialen Netzwerken f\u00fcr unsere Nutzer zur Verf\u00fcgung.<\/li>\n<li>Unsere Seiten enthalten die M\u00f6glichkeit, \u00fcber Like-Buttons Gefallen an einem Artikel auszudr\u00fccken. Wir weisen ausdr\u00fccklich darauf hin, dass zur Verhinderung von Missbrauch nicht personalisierte Daten bei der Benutzung dieses Buttons aufgezeichnet werden k\u00f6nnen. Mit Nutzung dieses Buttons erkennen Sie ausdr\u00fccklich an, dass wir Daten zur Verhinderung von Missbrauch aufzeichnen k\u00f6nnen.<\/li>\n<li>Der Zugriff auf unsere Seite erfolgt SSL-verschl\u00fcsselt. Wir weisen darauf hin, dass die Daten\u00fcbertragung im Internet (z.B. bei der Kommunikation per E-Mail oder durch Aufruf der Seite im HTTP- statt im HTTPS-Modus) Sicherheitsl\u00fccken aufweisen kann. Ein l\u00fcckenloser Schutz der Daten vor dem Zugriff durch Dritte ist nicht m\u00f6glich.<\/li>\n<li>Da wir nach GVDSO nichts aufzeichnen d\u00fcrfen und folglich auch nichts kontrollieren k\u00f6nnen, \u00fcbernehmen wir auch keinerlei Haftung daf\u00fcr, dass nach (1) eingegebene Identit\u00e4ten tats\u00e4chlich korrekt sind. Eine Kontaktaufnahme aufgrund gef\u00e4lschter Eingaben berechtigt daher auch im wiederholten Fall NICHT zu rechtlichen Schritten gegen uns.<\/li>\n<li>Die Gesetzeslage ist derzeit so un\u00fcbersichtlich wie nur irgend m\u00f6glich, insbesondere da bez\u00fcglich der GVDSO bislang keine Detailregelungen vorliegen. Unsere Seite und diese Erkl\u00e4rung kann daher kurzfristigen \u00c4nderungen unterliegen. Aus dem selben Grund werden wir pauschale Abmahnung nicht anerkennen, sondern das berechtigte Interesse daran gerichtlich kl\u00e4ren lassen.<\/li>\n<li>Und nochmals zum Abschluss: bei der Nutzung (und nur bei der Nutzung) bestimmter Funktionen kann es zur Aufzeichnung bestimmter Daten durch Dritte oder uns kommen, um Missbrauch der Funktionen zu verhindern. <strong>Durch Nutzung dieser Funktionen wird eine Erlaubnis hierf\u00fcr ausdr\u00fccklich erteilt. <\/strong><\/li>\n<\/ol>\n<p>\u00b9\u207e Die Motivation dazu d\u00fcrfte klar sein: Betreiber m\u00f6chten\/m\u00fcssen sich gegen Cyber-Angriffe wehren und sind gesetzlich inzwischen verpflichtet, Cyber-Angriffe bei staatlichen Stellen zu melden. Personen, die beispielsweise gegen beleidigende \u00c4u\u00dferungen im Netz vorgehen wollen, m\u00fcssen die Identit\u00e4t des Beleidigers kennen. Und last not least m\u00f6chte der Staat nat\u00fcrlich hinter jedem herspionieren k\u00f6nnen.<\/p>\n<p>Die Kontaktadresse findet ihr am Ende dieses Artikels. Bitte beachtet: dies ist eine privat betriebene Seite. Bitte habt Verst\u00e4ndnis daf\u00fcr, dass die Bearbeitung von Anfragen ggf. einige Zeit in Anspruch nehmen kann.<\/p>\n<p><strong>Verbreitung der Inhalte<\/strong><\/p>\n<p>Sofern nicht ausdr\u00fccklich im Beitrag darauf hingewiesen wird, d\u00fcrfen Inhalte auf anderen Webseiten unter Nennung der Quelle und mit einem Link zum Original dupliziert werden. Als Duplikat gilt der gesamte Beitrag. Werden Teile eines Inhalts in einen anderen Zusammenhang gestellt, sind diese als (auszugsweise) Zitate in der \u00fcblichen Weise zu kennzeichnen und nicht als Prim\u00e4rinhalt eines Beitrags in diesem Blog.<\/p>\n<p><strong>Haftung f\u00fcr Inhalte<\/strong><\/p>\n<p>Als Diensteanbieter sind wir gem\u00e4\u00df \u00a7 7 Abs.1 TMG f\u00fcr eigene Inhalte auf diesen Seiten nach den allgemeinen Gesetzen verantwortlich. Nach \u00a7\u00a7 8 bis 10 TMG sind wir als Diensteanbieter jedoch nicht verpflichtet, \u00fcbermittelte oder gespeicherte fremde Informationen zu \u00fcberwachen oder nach Umst\u00e4nden zu forschen, die auf eine rechtswidrige T\u00e4tigkeit hinweisen. Verpflichtungen zur Entfernung oder Sperrung der Nutzung von Informationen nach den allgemeinen Gesetzen bleiben hiervon unber\u00fchrt. Eine diesbez\u00fcgliche Haftung ist jedoch erst ab dem Zeitpunkt der Kenntnis einer konkreten Rechtsverletzung m\u00f6glich. Bei Bekanntwerden von entsprechenden Rechtsverletzungen werden wir diese Inhalte umgehend entfernen.<\/p>\n<p>Aufforderungen zum Entfernen bestimmter Inhalte sind hinreichend zu begr\u00fcnden, um eine rechtliche \u00dcberpr\u00fcfung des L\u00f6schungsanspruchs zu erm\u00f6glichen. Wir behalten uns vor, Inhalte erst dann zu Entfernen, wenn der Anspruch hinreichend begr\u00fcndet ist, oder die Inhalte wieder online zu stellen, wenn der Anspruch nicht hinreichend belegt werden kann.<\/p>\n<p>Die Identit\u00e4ten der Verfasser beanstandeter Inhalte oder Informationen, die zur Identifizierung f\u00fchren k\u00f6nnen, geben wir grunds\u00e4tzlich ausschlie\u00dflich im Rahmen von Ermittlungsverfahren heraus (Datenschutz). Wir haben auch keinerlei M\u00f6glichkeit, die Verfasser zu einem Kontakt mit dem Anspruchsteller zu veranlassen.<\/p>\n<p>Wir verweisen darauf, dass trotz sorgf\u00e4ltiger Pr\u00fcfung nicht auszuschlie\u00dfen ist, dass sich Verfasser von Inhalten erfolgreich tarnen und ihre Identit\u00e4t verbergen. Unsere Haftung beschr\u00e4nkt sich in solchen F\u00e4llen auf die Entfernung der strittigen Inhalte. Weitergehende Anspr\u00fcche sind ausdr\u00fccklich ausgeschlossen.<\/p>\n<p><strong>Haftung f\u00fcr Links<\/strong><\/p>\n<p>Unser Angebot enth\u00e4lt Links zu externen Webseiten Dritter, auf deren Inhalte wir keinen Einfluss haben. Deshalb k\u00f6nnen wir f\u00fcr diese fremden Inhalte auch keine Gew\u00e4hr \u00fcbernehmen. F\u00fcr die Inhalte der verlinkten Seiten ist stets der jeweilige Anbieter oder Betreiber der Seiten verantwortlich. Die verlinkten Seiten wurden zum Zeitpunkt der Verlinkung auf m\u00f6gliche Rechtsverst\u00f6\u00dfe \u00fcberpr\u00fcft. Rechtswidrige Inhalte waren zum Zeitpunkt der Verlinkung nicht erkennbar. Eine permanente inhaltliche Kontrolle der verlinkten Seiten ist jedoch ohne konkrete Anhaltspunkte einer Rechtsverletzung nicht zumutbar. Bei Bekanntwerden von Rechtsverletzungen werden wir derartige Links umgehend entfernen.<\/p>\n<p><strong>Urheberrecht<\/strong><\/p>\n<p>Die durch die Seitenbetreiber erstellten Inhalte und Werke auf diesen Seiten unterliegen dem deutschen Urheberrecht. Die Vervielf\u00e4ltigung, Bearbeitung, Verbreitung und jede Art der Verwertung au\u00dferhalb der Grenzen des Urheberrechtes bed\u00fcrfen der schriftlichen Zustimmung des jeweiligen Autors bzw. Erstellers. Downloads und Kopien dieser Seite sind nur f\u00fcr den privaten, nicht kommerziellen Gebrauch gestattet. Soweit die Inhalte auf dieser Seite nicht vom Betreiber erstellt wurden, werden die Urheberrechte Dritter beachtet. Insbesondere werden Inhalte Dritter als solche gekennzeichnet. Sollten Sie trotzdem auf eine Urheberrechtsverletzung aufmerksam werden, bitten wir um einen entsprechenden Hinweis. Bei Bekanntwerden von Rechtsverletzungen werden wir derartige Inhalte umgehend entfernen.<\/p>\n<p><strong>Medieninhalte<\/strong><\/p>\n<p>Sofern Medien (Bilder, Videos, usw.) in die Beitr\u00e4ge eingebunden sind, verf\u00fcgen wir \u00fcber die Rechte, Lizenzen oder Zustimmungen. Eigene und gemeinfreie Medien werden nicht explizit gekenntzeichnet; umgekehrt sind Medien ohne Quellenvermerk eigene oder gemeinfreie Medien. Die Verwendung solcher Medien in eigenen Publikationen bedarf keines Quellenvermerks, erfolgt aber auf eigene Gefahr.<\/p>\n<p>Bei lizensierten Medien zeichnet der Rechtsinhaber f\u00fcr die Einhaltung der Datenschutzbestimmungen verantwortlich. Eine Haftung unsererseits schlie\u00dfen wir ausdr\u00fccklich aus; bei Verletzung der Datenschutzbestimmungen durch Dritte k\u00f6nnen Betroffene jedoch jederzeit verlagen, dass die entsprechenden Medien umgehend entfernt bzw. modifiziert werden.<\/p>\n<p>Nachweise bzw. L\u00f6schungen k\u00f6nnen wir aus Datenschutzgr\u00fcnden jedoch ausschlie\u00dflich dann vornehmen, wenn die Betreffenden sich glaubhaft identifiziert haben oder ein Vertreter einen ausdr\u00fccklichen best\u00e4tigten Auftrag zur Wahrnehmung der Interessen eines Betroffenen vorlegt. Nachweise oder L\u00f6schungen beziehen sich ausschlie\u00dflich auf die Beschwerdef\u00fchrer, nicht jedoch auf weitere in den Medien zu sehende Personen.<\/p>\n<p><strong>Server-Log-Files<\/strong><\/p>\n<p>Der Provider der Seiten erhebt und speichert automatisch Informationen in so genannten Server-Log Files, die Ihr Browser automatisch an uns \u00fcbermittelt. Dies sind:<\/p>\n<ul>\n<li>Browsertyp\/ Browserversion<\/li>\n<li>verwendetes Betriebssystem<\/li>\n<li>Referrer URL<\/li>\n<li>Hostname des zugreifenden Rechners<\/li>\n<li>Uhrzeit der Serveranfrage<\/li>\n<\/ul>\n<p>Diese Daten sind nicht bestimmten Personen zuordenbar. Eine Zusammenf\u00fchrung dieser Daten mit anderen Datenquellen wird nicht vorgenommen. Wir behalten uns vor, diese Daten nachtr\u00e4glich zu pr\u00fcfen, wenn uns konkrete Anhaltspunkte f\u00fcr eine rechtswidrige Nutzung bekannt werden.<\/p>\n<p><strong>Newsletterdaten<\/strong><\/p>\n<p>Wenn Sie einen auf der Webseite angebotenen Newsletter beziehen m\u00f6chten, ben\u00f6tigen wir von Ihnen eine E-Mail-Adresse sowie Informationen, welche uns die \u00dcberpr\u00fcfung gestatten, dass Sie der Inhaber der angegebenen E-Mail-Adresse sind und mit dem Empfang des Newsletters einverstanden sind. Weitere Daten werden nicht erhoben. Diese Daten verwenden wir ausschlie\u00dflich f\u00fcr den Versand der angeforderten Informationen und geben sie nicht an Dritte weiter.<\/p>\n<p>Die erteilte Einwilligung zur Speicherung der Daten, der E-Mail-Adresse sowie deren Nutzung zum Versand des Newsletters k\u00f6nnen Sie jederzeit widerrufen , etwa \u00fcber den \u201eAustragen\u201c-Link im Newsletter.<\/p>\n<p><strong>Dienste, die &#8222;m\u00f6glicherweise&#8220; genutzt werden<\/strong><\/p>\n<p>Sie k\u00f6nnen jederzeit Auskunft dar\u00fcber erhalten, ob ein bestimmter Dienst eingesetzt wird oder nicht. Die Auskunft bezieht sich ausdr\u00fccklich auf den Zeitpunkt der Erteilung dieser Auskunft und ist nicht mit einer Frist verbunden, innerhalb der die Nutzung oder Nichtnutzung g\u00fcltig ist.<\/p>\n<p><strong>Von diesem Impressum umfasste Webseiten<\/strong><\/p>\n<p>Dieses Impressum gilt f\u00fcr<\/p>\n<ul>\n<li>https:\/\/gilbertbrands.de<\/li>\n<li>sowie s\u00e4mtliche ggf. vorhandene weitere Unterseiten von &#8222;gilbertbrands.de&#8220;<\/li>\n<\/ul>\n<p><strong>Irrtumsvorbehalt<\/strong><\/p>\n<p>Diese Webseiten sind dynamisch und \u00e4ndern sich st\u00e4ndig. Uns kommt es auf die Inhalte an; rein formal geforderte Angaben, die von mehr als 99,9% aller Nutzer ohnehin nicht beachtet werden, versuchen wir zwar einzuhalten, k\u00f6nnen jedoch nicht ausschlie\u00dfen, dass einmal etwas \u00fcbersehen wird. Sofern wir auf formale M\u00e4ngel wie fehlende Links auf bestimmte Seiten aufmerksam gemacht werden, werden wir diese umgehend beheben. Wir erkl\u00e4ren jedoch ausdr\u00fccklich, dass wir derartige M\u00e4ngel, die nicht zu einer Einschr\u00e4nkung der Rechte der Nutzer dieser Webseite f\u00fchren, grunds\u00e4tzlich nicht als Abmahngrund anerkennen und sie als gewerblich betriebene versuchte N\u00f6tigung zur Strafanzeige bringen.<\/p>\n<p><strong>Salvatorische Klausel<\/strong><\/p>\n<p>Sollten Teile dieser Erkl\u00e4rung durch Ver\u00e4nderung der Rechtssprechung unwirksam oder unzureichend werden, werden die anderen Teile der Erkl\u00e4rung davon nicht betroffen. Als privater Betreiber ist es uns nicht m\u00f6glich, s\u00e4mtliche Urteile bez\u00fcglich solcher formaler Erkl\u00e4rungen zeitnah zu verfolgen. Sofern wir auf solche M\u00e4ngel aufmerksam gemacht werden, werden wir diese umgehend beheben. Wir erkl\u00e4ren jedoch ausdr\u00fccklich, dass wir formale R\u00fcgen, deren Ausschluss im Vorfeld eine nicht zumutbare Belastung eines privaten Webseitenbetreibers bedeutet, grunds\u00e4tzlich nicht als Abmahngrund anerkennen und sie als gewerblich betriebene N\u00f6tigung zur Strafanzeige bringen.<\/p>\n<h3>Angaben gem\u00e4\u00df \u00a7 5 TMG:<\/h3>\n<p>Gilbert Brands, pol. Verf.<br \/>\nNorder Ring 7<br \/>\n26736 Krummh\u00f6rn<\/p>\n<h3>Kontakt:<\/h3>\n<table>\n<tbody>\n<tr>\n<td>Telefon:<\/td>\n<td>\u00a0Leider steht kein permanent erreichbarer Anschluss zur Verf\u00fcgung<\/td>\n<\/tr>\n<tr>\n<td>E-Mail:<\/td>\n<td>gilbert@gilbertbrands.de<\/td>\n<\/tr>\n<\/tbody>\n<\/table>\n<div class=\"pdf24Plugin-cp\"> \t<form name=\"pdf24Form0\" method=\"post\" target=\"pdf24PopWin\" action=\"https:\/\/doc2pdf.pdf24.org\/wordpress.php\"><input type=\"hidden\" name=\"blogCharset\" value=\"Cw1x07UAAA==\" \/><input type=\"hidden\" name=\"blogPosts\" value=\"MwQA\" \/><input type=\"hidden\" name=\"blogUrl\" value=\"yygpKSi20tdPz8xJSi0qSSpKzEsp1ktJ1U\/KyU8HAA==\" \/><input type=\"hidden\" name=\"blogName\" value=\"c0\/NTc3My0jNLEnNU1BLzC2wVnBKzU9KTM4oKc1LT80DAA==\" \/><input type=\"hidden\" name=\"blogValueEncoding\" value=\"gzdeflate base64\" \/><input type=\"hidden\" name=\"postId_0\" value=\"MzM0AQA=\" \/><input type=\"hidden\" name=\"postTitle_0\" value=\"88wtKEotLi7NBQA=\" \/><input type=\"hidden\" name=\"postLink_0\" value=\"yygpKSi20tdPz8xJSi0qSSpKzEsp1ktJ1U\/KyU\/Xz8wtKEotLi7N1QcA\" \/><input type=\"hidden\" name=\"postAuthor_0\" value=\"c8\/MSUotKgEA\" \/><input type=\"hidden\" name=\"postDateTime_0\" value=\"MzIwNNM1sNA1tFQwNLUysLAyNQYA\" \/><input type=\"hidden\" name=\"postContent_0\" value=\"vVvbjhxHcn3fryjIsDEEenokLby6kB54KA4v4GVpDi+A3qpZ2dW1XV3Vzqpir\/ppDfgzFtY+ENg\/IGCA8IPmT\/QlPiciMiure8SVYcMPoma6qzIj43Ii4kTOne35na73bVOe38t713RvV0O\/d35dX7\/3Q1PeObNv75xtz39zZ3v+xjVNVq185oa3q+z648LxR++yF+7tqndZ6Zp8wGdVs2z9pnLeNdmures+O6nwws5V1z9mDX7sZ1m7yP7h777+8ssvbxeD\/PD5bf0qgxhtk7mqyV473\/Ut3ikdls6KynVxr6rDIjkl6FzFBb746naXFX7Y3Jpl6+sPTdOPot7Js5V3y3\/6bNX32+7bs7OiK9+1pyXW6\/fzwp19dr6CuHfO8vMglZyuo0A1\/gkSntT529Us2\/qh62+l55wHHT3aZJdVs3d1A4nLCmdfXn\/0Jvsbt4C0vftWn25r\/FNX528qn+0dtuE7a5zc+dpV2RYC4CDc32VioewdNHPXdTiT86YQn11xySwflrPMdVRHVsBQM\/zr48MQZdGbFAs88bjdbFzT5zRRywdFyotF2zSOX3CdetH12dAU2dK7alfVdVWKWU6e5RvHL87kzctNXtWnF4V3XeduzXl8x39KWEdkUNF3lS+yvO741Tsa9vp9UzRVN\/pbth9wmC0V4eR37v24hZTrHqdr8hW2zRtabSUah+pEf49g51WO8\/3BYT9oEifNO\/WUWXYxdOuhWfbmsCLNjKrINtcfStGuh2tCMcGj4THYxASBQ1ZNMYNwGcSuuX8jkqky6+sPcFh8hO\/rHBpo5twxSyKq9NcfG5iEPksLNThm2HqWdW1N+1JKPLaEJbEStnVVTTl3jDnoDlt2ML+nLekFjDufPcKyfQVV2un2bih76gK7nXRtgw01FpxGwx9ys8Y9X\/U9FsgXJYy7dM2tRJ9XzuOoC9fjK2ok+uaj58HO6orPBC8aPtCrCsULWzyMn7oCB3+75jHpN46R7atlrw79wDVutalKGppr0XYbW5GP74dVW8sx3q7yIZN\/Z8eRvNvt5j7vSwdBPQ0+d8NZhQP7hvLjg1O4z+Dq+gy6WZ3ShMOiP622p3VblnDT02Lwb1enO4vN5jQefL7qN\/Vn5\/Sll08fwArwrm7rBaXEsV8\/uPq9+MLCrRFQcJW2zL06HsFkRoXD4hJ8xyDk5rtqXW1dUeXz1pdn\/O3sdetxnq4Q\/xmD4bNzXZsyZl9+\/vnXqlKFMNUo4HK75I89dQpLZJevTi\/hCgjDfD9QIITny6HPNvAnIExhCDoiVGOHrJqmop9fvV3tgHj8PVvnRH\/YUmC6m\/\/0nz\/\/23\/99BeAGpy717DJBZTCa3C97RJQDcyCJ8BralHWXdigQpi8obqRPe65HggCxKkQ13iinwQ3wfEdI1RC6KrPmyL3Rdcu+x3QKzu5Ua2tL7b00\/nbdgNwj7+LDgQZsdZDohAcw8nhiUurvBbdjcbdD52iAF6ar+aKzgkYhwgQl09dGuovnQVOrxC7k\/OWrub\/e\/zqC6LF0wMUCocNcH0Vjtq1O4jJXYkFhs9wAEaVEzNDWkCBuUN877u2XWMlxTyEWUtDDR3eqyt3\/aPEJ+V76hpYqXeDoi+ebgzqNDEHNzHUWVbrvK\/aqR6gHnXJXgB\/DmPvrz+WcY9oidMjS64BV0PdV4TcBdHJzKTpTTY3TznwDoW7Bg6HOIT8m+xNJRAFZWwMbZ7XA2LddMAEeDEsPSJkkkIfST6XQ+Ht3LYewVIgdsOfa+DS\/XztFlDtLHsw0KrIvr3P366dn2VDt5vfEtUxpwV97SvVbKowPgNkhtAIX\/of9sNZVzy5QDeTAF5f4uE+xeigNsYL4skB9z3KpHpz\/f76Rwne63+HF3FDs+JFs0WCkt8h4Sa7EqdbEVA0LGlx4BiU0DMJlW53\/X7FUqRjSGbUtYlkHpF4keRULJ+hZOz32fcWNyGakuBKMmMXfCATDBbjXDSLylHblMnxIKzxAI\/L6\/fwjhK\/PQeaLLnUq2Zd53ICZtcmIgmCDxAuQl\/guBtXI5wcT4gDEuQk9GIoDZuSFUUhWyZbQQNbbqX6ue9WhIqFW7WLafkhR3NTX4LJzJpPqmYtIgV3ymkWqc1Cgj0Bvor1F6IsFwvIu3jDX78vnSJILhiLlRBVQ9mFImJt69KfuS6yLlQv2ezWrzVbV5n+R6nS88RXFeBf0NPUsx68vgectLOKlBMUUqikm1Fp+LWDSVgTrF0sYFVDzi\/bumTptpKjpuUD9X8IWTyu+geAd5mvfGKSV03HzDKaggbVfc7uDn0PqKGHd+2+yllkPANiwSnWVIdWgaqKoP18hIpQw9Pf9P1qsgCchrVbwPegerWDIHxzcDhEANdfVcEWuneDADEc5r5BbDptIa5hdmrE6MdHMbymwodlLOFG7EFZVL2T2pEfx6QzFTs7YbU6EWhmroCtoYfOgnbH6kGwpEiE5bkGscWouFv0Aj2xADeLW0mrDVFiWcPMqixNzg2qlV5PbIvWACrLKNj6aRIEeKxj9CxzKclfSg3djZaaGkr0o9KFupNoDRzGN0ziv+BQTRLchxIE93lSrd1pEJjuKSfJJUEC6y98jwdqOsJ+UFf4n7mICYoPijGnPEXaW3gBCTURO8i2gYd2zKohGBfSIfpDF+tSqyW1y6EfP4Wen938ouiVhryqDhuAPEhOc6scf+sMeeK2YffRIvdwgu+HEg3FMnGzEPKGJVdXT07ZbAI3tADtJ0q+MfJEOLEi0rnUctUGpYF2FNnJfn53HlXINnpoQiG0ZaI7fYoUpECoSS1UGjE1YLmHL18+P4WD530ffr06fdoWQ3crSctdrY7B85nELMKlxc7su7oVjJZ0mnTb6BQz9lNBQyqKFjLSh6qDhAyS6jUXE0k5pdiu9f7EHAVCZ2llBTVtgBybAxZzKATqWkmgWMiIWlkkW9zLKyPj8TBfav2dMzbNJiLJyRe3tLYstdIdG1+sBDUi4zA3cDX0T26tXbuREUccAvzbU\/TSMdN3JJR8oCwaATZ8VCW5COvCTCi\/oWG0pdz0PkI6e\/bou4cvmUnkDcl40jSJnhvjreCZqX4r5iuWyK6r81KtEWiLrsXTU+qJuwplUKHIhMwjc4B6FvVuK9UEJIXck1JbjbeoOnIWoXGRAsmP2Rt+wtqRcT3JmSPBcTnyM9IBqkrWg98vPUS\/odK0ejQwIXRDNiusFUTrBii0\/xYggca+RgZZbPJVw11CoRHAhBQJl28kl43GcRqUZCMkkKluH7UmQmMX42RSJEc\/gxZoQy5qjzL4YkF4QNb5NoZ1gLcTaX4Gf\/jFLWk0KnT8+Oz+0KytZRAFOUXnmHS5UPK4xuckHgUsWIiuhZWT4jzBwWK6iRJRippQcaRwZcVn06IheU34N3GCS6FAmqrLSHpKFjwga4R9AlQmDLCo70wYy+25tP4ZPflpiyJC0Y8cgwIDjsS6nFxF821SUMJ1GWrN2UbAuNGiU4Pkux\/wxCmqdcKVg49IByQFeSWRGngOuP1+Vynn9i4yHg6Z92AJ2gwIm8ewtHICUkpDAN09l\/wY6EC80G0rV3fah6tcC7brBb28cPDzASWzOToAgcUEQ0jaB6G6uVY43dgqC0HH2uRuWM3D2E7zKR0SXgpIbnvUNvzJFKU5g0cACPbQrJx\/JeyW8WWs87fQ\/gRnIxlNCwXwU94uW1ZS5ZEMzDfZJU9lSdxqEhRfd8UrFy4XxX4rDyh5SffZelo8I0tmtINARnhNiNjXCcE7RXMtJXMPZfch5180S2Ra4mW5nHMTKCj7nnhY8ctu6yWzaNqQDBgOGJwf+y28rUilWUt2NMFA10wgiW1Q4vQwp9T7eZmUBWiBAy3mi1lMe6Hj41PazTWxvDUEhG80TRDnX8g\/KqiymNUakN2IANDvfVVWqNIACttaSIKRHLoASN3jxygxdJzA9RAN+aZ3QWBSaQKpUvDK8p3JKMWvFtdBULTmOWFmxbRQOqmyET0SZgr5RMYTKU1LjYVb2fcVkqz0PIUSIRZUbyRUEFL05lgejJwRl3ruqw3AWBkAk84kF\/FkU2i\/bssjw4aKQFDql6wqSkIXhqPkgT2Q4zDFoP0nI5L99NfsK2L9\/Ashc2VBax9TcxoNGpreXPAXyqtr8giiSMveAj950+9aLxAzz57x6Z\/+ip2+Zt7Nvvhctoqi5DfIaXycamuKZwndFJJEMpZwHMtsikPWCqaQ93baAslbcopXG41IfQavCIQq8mkrDU1Ibu12VeEZgi8BW1UpjRViQSvQ+ZRmtjL+UgkqWkp2vEIpHLmfkJMY6lNhP63eRc200UiWUqoG5yI11ltdR1uNRY+L5SOhyvRKHMryhdbCOMiWCVFLdzhsT3iS6pMF61ooI2XvO856nModi2R6Lf4jAvUJhcRx2ZaaU4r68P2Rb6IPaIQFj4vMkzF8CXajfoCqYllFoLgMD6X1RFhKvAxm8uIfwjzisTB7kppiNLHq6\/rPUOg2kGnMT09kmoXfutxgt9NxVByVWZe6cNYA21hqFuUQjRcshPBilNgGWVR8BPRU2Chpr5Nd7Z+qUVNae2dtU1dCdAd24KaFNZimy9ckSEMrm6aQe9VBN8GlyAGwcORBoQnSlC5VdqtJJvFlDaSb2N4jNldaGMUm1sORLDtiuJCSXuSS9Ohml4IFrNvpXCS8GBuAINTYJwmpapSfkisHDdaUqqDE40lpZ0lMVjEY77KJeg3DEi1A8yaW1nY7IAxqktZ6wgn\/Aokbk\/F+GFlJ9YKRmRzFVBQx79M+X8yMLtCH3ENCPS29ZJrp0y4nQMVCxifARekYpbq0iSw6PMhaB16VA6IR5IRx61m9S\/9j8oSRlsa0U8UJGavRecCIDJ0Mb9DBp2q8MfMJc3mU9+QswnAvUDpOaU4x5x97hYuxNrFRxiyQxUkxcwMPp040R9vYCTkdSEE+mlxr0ESUlkXB6QDmMkNIG\/85FPtxGtxU5zuZCq77MfkSxuFzpBglUcKzaqalOCFoiwmLXoxk9WFmZpAfb7AbfGHQOs0Nr\/XRMEaN4DdiO3LpB\/ipnkuHBHP7NmTPqFe5ZPHJTTQEtOFd5N7SG3LoBm1wI3UX11IZHhu18im1WfaTqWTIbNCbVIQigbO0d5TsVBRIO\/Qiyc0p72\/kOGjfMzLMFT+R5YK3v5IBgU7wj\/yc1hsHRHrM8XaCTXH7xAGJAW+EAz8u6RJ+QtCtcEOv3WQqg7oMTPQODaGBlnDfSe8yy9K2g3uyJ2MfFewLndgsnm1jnO88gEPsZftusqkjvRF6DIGY5MKEFO5M+iFXx4BAjzT0qOeyxX4H1wlDbTRy99pdU7d50dlVmm3lDm4NCS6R4dBwxtfa3jFPqSsIJ+GRzAQLHzgjJdg45IASaOqq3Qn3Xt1QSYd9rL5tN0m8BsNZHM6CC3GhiVriADa0pHNslHBf9l7YPN5t4Z0CvV1TuqQ\/EZHVYchTS3KiJ8QqON08jQ08AFWs0T7ZljMdVNsFnY01Wgf14EMtnf+3ofQrSsYQTE9lklt9ugfWh7KTu1VdMCG8rgrXdmF0rW1ZMgET8nUxyIn0QtQ7nZOYoOPUTC\/ozRD7e3VzgenReZ0Q2NJ4KQfLup9XzFyQyc5vqPhHaYp7s2EfjHhbNLF2K7uhFV4WzNOGm\/fMaLDQ51kLdbhfjHVOwGhndRofVpQOupTLEM+HRW1sv1ThqHKWmum6gz2hyTCEkDs2N00r1R50i5q60iFNtEwcwBQRp2nS9MLO0Z2VsQq0DsFY3oN0KOklFBg2n+tkmJdUYMrPH1Qst4VWez3GxKe2nZCcoXZg\/LfLJRVhWWq8tScX7EqXTmMOgsl0cxgEvWLfpi2s8I4MStAye3Pl9eTJ2Ogko0478I1X937p2gz7HLQ\/WtmEXiRM0XnKItKcJF1X0HlWJQ1CuKzX2tyfqpWrCz6wNqkFrPOTtrwX3F8KYcW24w18imKMFJiR402kXILilfZHQ6SUhapFJEjVgs66El6zu6k3CUXxXZawomvtc3zIG1FjS7v4ZOzR6N\/o4axQDjzsEZLpTcTTJ215er+q3XEJfE86ifZdVUwLQLlwoPc2xoucOdIk+zVIfEBESNUv95d5V5K1Qtg3k321V+I907u+3XUSz+NaubbBKV8jmNIJMNll38Eu+9oC\/Q\/bs7AY60nIMc4o4jTezFahfu9+4NWm8ZkXbskU5bNXL56Mnz5su77h9dxCxhB2uTPQEqj4umQSsrK7sqI2LyAhRGxg+4c6lF9dmB1rvWDzf+Mgmmg\/7EjKIqlhA9kozpEMJnQ1dpiBlpRP\/lUxVIcVoWZg4yaDkV+iHopEQFJKkrLES+FjUpzH2NQpy40FsTGCRyxYoK8WmroPgSW46jO36wCKcHS5unnz5XnWGyGudSQcr5Pk2sZJeI5rjVEYhieoOVxz\/UEbT0KWNMRCu+p0RwbQ4Z6uXRo8oCp2TqoiKoN+PeWBQmUXUJgyB049tFl5nMQ2RxtWdpEq0AeXm+0yt5p1PJjwbtJI5bGmSK6E6pXxSR3g9d5VlrrjeDHUwHuCUbGm5TgiJ71toiuxph1DCgNajyxEHDfeeLIMpjA2IY5sUiaJWG\/I33SPvUiunccrAgcW0iAIvsZucRR6qreQrq70NqelTrm36wd2DryIuMtDRYYPfv7Tf1yg\/JIZy89\/+vOpTB5kfBVWPfJmo6kV9+xPIg6uy4e\/iSjlGkmIi+Nysxpz\/yhuvJSPCsqu3dvtR\/nTEGbCdGYq0hxeLjVyu4rtWlxUg6aPmWtSwyxFJ9Ne\/FLsmOBTXEropPG+hE1vfHafw28hlgblV6dX+Ki2YEwR8xnfD\/dtyuuPcr8QSxyPsto4EXm0kauy8IVhQ\/arH\/+CpLmpSeYUb3wn\/vHJNP+Ea9L4mldc0M41RTcv3JgX1CGTy7MyluPfHkioupjPX7HEMGKJKGR+criyOcpBVgnnfeTRI286LK\/AfvPBEgpLB1U\/IMtJ8qWBZK7hrVLRMUdVCteX6b1818WCJbaozW0APfxMAKDORlQgo8aiTJ2fB9u4lbaT33wz++bvOa2wsQZJKEDvqmpiUtQONTaIhLhBKjci1H6Xhz9uMGdPQmOcA910QRNvUUyGtpUanbNlCza00tQpCi7tTLya9h4hU8sdkiXvr7LaGi+kxhCLV1PHDhd9Eo8SD3I0w4g1OOymlzuZne3PeSYl8xh+yR2wsbM1IVXdgX+yMAOuBoI2IKn9AVgxmuDwZqYx7rNDfn0cSeptE70ENN40sesGOgAtHU4sY8501G3mxCbPJAdHuAe6Isvt2eJlC19Jm3tUzeb1u7xvvdxeyB6jIehcfUN\/rtyEDnPtbMktHO2qkB3U6ydq6bRX0rYOWhZL2vUSiBnGIQc2lRGglWG268GWOaMgeLi1ETqcNroo5WHtz5xYXUxvmc1SUHmlf+KU3loKfbd5byqC9sMobVc2fmBrTRkOHN\/4nuD3\/4\/+HELuhXAi4W9MLjSSyaUj4b5u\/dLVdg1nyrSyk+ItEKpb+7VAxI3QFzlP4QndIFPi\/3sf\/9WevfrtuUFlOmX\/Rw690fTgW7rzA80G6HWYDmbZtq1lhryc31n47Oz8N88EdrMXWDn7yj778ndf\/fZ32WM\/bDar6w++ifvZbCos3+eL2vH\/i7b4gf\/3\/Kc4f+lqwHmDx\/CLfPLTX564Ssc2rAzI2YwEe8ZOClqgHWSOaCabXge2xc50E9tJi7lkI8t+\/3ycX5O3z4LAZ3aC\/wY=\" \/><\/form> \t<div class=\"pdf24Plugin-cp-link\"> \t\t<a href=\"#\" onclick=\"var pdf24Win = window.open('about:blank', 'pdf24PopWin', 'resizable=yes,scrollbars=yes,width=600,height=250,left='+(screen.width\/2-300)+',top='+(screen.height\/3-125)+''); pdf24Win.focus(); document.pdf24Form0.submit(); if(typeof pdf24OnCreatePDF === 'function'){void(pdf24OnCreatePDF(this,pdf24Win));} return false;\">Download Artikel als PDF<\/a> \t<\/div> <\/div>","protected":false},"excerpt":{"rendered":"<p>Datenschutzerkl\u00e4rung Wenn ihr euch \u00fcber eure Rechte genauer informieren wollt (ich wei\u00df nicht, ob &#8222;du&#8220; nicht schon ein Versto\u00df gegen diese Rechte ist, aber sei&#8217;s drum), k\u00f6nnt ihr euch hier &#8222;\u00fcbersichtlich&#8220; (lach, prust) informieren. Im Einzelnen gilt f\u00fcr diese Webseite: Wir zeichnen keinerlei pers\u00f6nliche Daten von Besuchern dieser Seite auf, es sei denn, der Besucher &hellip; <a href=\"https:\/\/gilbertbrands.de\/blog\/impressum\/\" class=\"more-link\"><span class=\"screen-reader-text\">Impressum<\/span> weiterlesen <span class=\"meta-nav\">&rarr;<\/span><\/a><\/p>\n","protected":false},"author":1,"featured_media":0,"parent":0,"menu_order":0,"comment_status":"closed","ping_status":"closed","template":"","meta":{"footnotes":""},"class_list":["post-614","page","type-page","status-publish","hentry"],"post_mailing_queue_ids":[],"_links":{"self":[{"href":"https:\/\/gilbertbrands.de\/blog\/wp-json\/wp\/v2\/pages\/614","targetHints":{"allow":["GET"]}}],"collection":[{"href":"https:\/\/gilbertbrands.de\/blog\/wp-json\/wp\/v2\/pages"}],"about":[{"href":"https:\/\/gilbertbrands.de\/blog\/wp-json\/wp\/v2\/types\/page"}],"author":[{"embeddable":true,"href":"https:\/\/gilbertbrands.de\/blog\/wp-json\/wp\/v2\/users\/1"}],"replies":[{"embeddable":true,"href":"https:\/\/gilbertbrands.de\/blog\/wp-json\/wp\/v2\/comments?post=614"}],"version-history":[{"count":13,"href":"https:\/\/gilbertbrands.de\/blog\/wp-json\/wp\/v2\/pages\/614\/revisions"}],"predecessor-version":[{"id":9951,"href":"https:\/\/gilbertbrands.de\/blog\/wp-json\/wp\/v2\/pages\/614\/revisions\/9951"}],"wp:attachment":[{"href":"https:\/\/gilbertbrands.de\/blog\/wp-json\/wp\/v2\/media?parent=614"}],"curies":[{"name":"wp","href":"https:\/\/api.w.org\/{rel}","templated":true}]}}