{"id":25,"date":"2018-05-25T14:15:33","date_gmt":"2018-05-25T12:15:33","guid":{"rendered":"http:\/\/gilbertbrands.de\/blog\/?page_id=25"},"modified":"2020-01-19T08:53:24","modified_gmt":"2020-01-19T07:53:24","slug":"neue-posts-abonnieren","status":"publish","type":"page","link":"https:\/\/gilbertbrands.de\/blog\/neue-posts-abonnieren\/","title":{"rendered":"Neue Posts abonnieren"},"content":{"rendered":"<p>Du kannst neue Posts diesen Blogs abonnieren. Dazu gibt es zwei M\u00f6glichkeiten.<\/p>\n<p><strong>M\u00f6glichkeit 1: <\/strong>du benutzt das Chatprogramm &#8222;telegram&#8220;. Hierf\u00fcr gibt es einen Info-Channel, auf dem neue Posts automatisch erscheinen:<\/p>\n<p style=\"text-align: center;\"><a href=\"https:\/\/t.me\/Gemeinheiten_und_Beobachtungen\">https:\/\/t.me\/Gemeinheiten_und_Beobachtungen<\/a><\/p>\n<p>Dem Channel kannst du beitreten und ihn jederzeit wieder verlassen. Deine Daten werden von uns nicht gespeichert. Neben diesem Channel gibt es noch einen weiteren f\u00fcr die kleinen Meldungen f\u00fcr zwischendurch:<\/p>\n<p style=\"text-align: center;\"><a href=\"https:\/\/t.me\/dazu_stehen\">https:\/\/t.me\/dazu_stehen<\/a><\/p>\n<p>Den solltest du gleich mitnehmen.<\/p>\n<p><strong>M\u00f6glichkeit 2:<\/strong> Bei jedem neuen Post erh\u00e4ltst du eine Email. Gebe dazu deine Email-Adresse ein. Du erh\u00e4ltst dann zun\u00e4chst einen Best\u00e4tigungslink per Email.<\/p>\n<p><code><div class=\"emaillist\" id=\"es_form_f0-n1\"><form action=\"\/blog\/wp-json\/wp\/v2\/pages\/25#es_form_f0-n1\" method=\"post\" class=\"es_subscription_form es_shortcode_form  es_ajax_subscription_form\" id=\"es_subscription_form_69e687bd0acf8\" data-source=\"ig-es\" data-form-id=\"0\"><div class=\"es-field-wrap\"><label>Name<br \/><input type=\"text\" name=\"esfpx_name\" class=\"ig_es_form_field_name\" placeholder=\"\" value=\"\" \/><\/label><\/div><div class=\"es-field-wrap ig-es-form-field\"><label class=\"es-field-label\">E-Mail*<br \/><input class=\"es_required_field es_txt_email ig_es_form_field_email ig-es-form-input\" type=\"email\" name=\"esfpx_email\" value=\"\" placeholder=\"\" required=\"required\" \/><\/label><\/div><input type=\"hidden\" name=\"esfpx_lists[]\" value=\"e180b754fdfb\" \/><input type=\"hidden\" name=\"esfpx_form_id\" value=\"0\" \/><input type=\"hidden\" name=\"es\" value=\"subscribe\" \/>\n\t\t\t<input type=\"hidden\" name=\"esfpx_es_form_identifier\" value=\"f0-n1\" \/>\n\t\t\t<input type=\"hidden\" name=\"esfpx_es_email_page\" value=\"25\" \/>\n\t\t\t<input type=\"hidden\" name=\"esfpx_es_email_page_url\" value=\"https:\/\/gilbertbrands.de\/blog\/neue-posts-abonnieren\/\" \/>\n\t\t\t<input type=\"hidden\" name=\"esfpx_status\" value=\"Unconfirmed\" \/>\n\t\t\t<input type=\"hidden\" name=\"esfpx_es-subscribe\" id=\"es-subscribe-69e687bd0acf8\" value=\"04249188b2\" \/>\n\t\t\t<label style=\"position:absolute;top:-99999px;left:-99999px;z-index:-99;\" aria-hidden=\"true\"><span hidden>Bitte lasse dieses Feld leer.<\/span><input type=\"email\" name=\"esfpx_es_hp_email\" class=\"es_required_field\" tabindex=\"-1\" autocomplete=\"-1\" value=\"\" \/><\/label><input type=\"submit\" name=\"submit\" class=\"es_subscription_form_submit es_submit_button es_textbox_button\" id=\"es_subscription_form_submit_69e687bd0acf8\" value=\"Abonnieren\" \/><span class=\"es_spinner_image\" id=\"spinner-image\"><img decoding=\"async\" src=\"https:\/\/gilbertbrands.de\/blog\/wp-content\/plugins\/email-subscribers\/lite\/public\/images\/spinner.gif\" alt=\"Loading\" \/><\/span><\/form><span class=\"es_subscription_message \" id=\"es_subscription_message_69e687bd0acf8\" role=\"alert\" aria-live=\"assertive\"><\/span><\/div><\/code><\/p>\n<p>Datenschutzhinweis: die angegebene Email-Adresse wird ausschlie\u00dflich f\u00fcr Benachrichtigungen \u00fcber neue Posts verwendet und von uns nicht an Dritte weitergegeben. Du kannst dich jederzeit wieder aus der Liste austragen.<\/p>\n<p>Du kannst jederzeit von uns verlangen, deine Daten zu l\u00f6schen.<\/p>\n<div class=\"pdf24Plugin-cp\"> \t<form name=\"pdf24Form0\" method=\"post\" target=\"pdf24PopWin\" action=\"https:\/\/doc2pdf.pdf24.org\/wordpress.php\"><input type=\"hidden\" name=\"blogCharset\" value=\"Cw1x07UAAA==\" \/><input type=\"hidden\" name=\"blogPosts\" value=\"MwQA\" \/><input type=\"hidden\" name=\"blogUrl\" value=\"yygpKSi20tdPz8xJSi0qSSpKzEsp1ktJ1U\/KyU8HAA==\" \/><input type=\"hidden\" name=\"blogName\" value=\"c0\/NTc3My0jNLEnNU1BLzC2wVnBKzU9KTM4oKc1LT80DAA==\" \/><input type=\"hidden\" name=\"blogValueEncoding\" value=\"gzdeflate base64\" \/><input type=\"hidden\" name=\"postId_0\" value=\"MzIFAA==\" \/><input type=\"hidden\" name=\"postTitle_0\" value=\"80stTVUIyC8uKVZITMrPy8tMLUrNAwA=\" \/><input type=\"hidden\" name=\"postLink_0\" value=\"BcHBDcAgDAPAiaj\/3YYIiyIhByVh\/959VSdfYK5tjLLoGvkMwrZPiJfteFa2bi4tBoUf\" \/><input type=\"hidden\" name=\"postAuthor_0\" value=\"c8\/MSUotKgEA\" \/><input type=\"hidden\" name=\"postDateTime_0\" value=\"MzIwtNA1MNU1MlUwNLEyMLUyNgYA\" \/><input type=\"hidden\" name=\"postContent_0\" value=\"pVbNcts2ED4nT7HDzPTQCUVbkx9HljQT12namSTTS0+dDgckVyRiEGQB0JL1Mr3kGXLKTS\/WXYCkJNuJ09YHC1wA+\/PtD755u7zs4EpobR1o7BB+a6yzUEi0qOFCNaUFkTVaSzSoJ3Apth2UMnOAFrZrlPB+97lUMq+uUDo6MU\/a5eN5u5xbZxpdLg+34XQG86TfKDrIUHdu66AQFn6qhGtNUxpR1\/DDk7PpdHruUCEL\/OfJ+QR+IS9Wuy9m9AClJjd\/1asmJgVao3oKoltBgfVhOKJzTS2ctHkFaOi\/vzfrfQXrbhQuIocbFwslSz2DHLVDcx4t5wIqg6tFVDnX2lmSuEmNyVusSUXlQ047XaQX2GQir1ynS9TR8l8cnidiOYB2SW73cQxJ8TBJZ5AuA10GWWn4iAWaLSO6lryEazRKWOszxLFRnvj8Gk1BP9cNX7WgKQ8OSrQt0gqNm8AHpCSEdO9ND+jqhvHyEK\/Ze6oA8PDTebhSYec9qsIHEra2a0YZddGZvPofCBdUaKl1WN2B82DnGDsNtlHKYUCtVBwk1NJprOqHKnM6GwsTLqiqGeFQQtrXEJVNtfukXNDtIX5TC6km8JYQBPaJim4Ux68Lg5QPPkkp6Q6vE8aw7fTuU16xXg\/iBTm9++RkSUhaJfUVtJTVYGH0O28KXM4LeQ05J3sRIe8raV0EsqBPm64aU6erk1ifEq78ASJ3stGLKMmol5N1G3+0jabf5HqatIJqIZk+f3J8E2p0VUMK24ZVD8ZsarvM5ka2rNFfABZWjXHsWpCwSHwUm7uHRyfv7KQvXuGLs5dZcSLy1VlEEDkR24YqiGpGljHaXsaHY9ZyEh0DYeOVpDqM10a0tKVEhmr5QdQ4zwwky7nUbefA3bR9EUagaZMvrtpNyusxTlmmIxyss99tlcixahR12yKK4FqoDnlBypNgbp6QR193C3wgIQQvHfy8c9pLo+Wb+D2l98ejCPa5MPhXJw0WwUlG3W1c6isC7oQwiEcHvLaoB8TvHiPSi8Yob0U\/GF9Ew+oeIA4xr2RBg+jYBheu\/ePP0Qqenp1kL58\/WxWrLLqdtPsU+ABlMSo4efDWeLQvwQz5yuNHjx49aGwAVNKOkwSrGZX1XfP9ijy6KXffqGP6\/L8pSDuzz9MwJkupMprumRG6sJMCQ+\/zMIu5pW28f9GT7zZrnXDdHsHfdd7olTR1yP13eh4fAB+mwV4S35oCQ1afTZ+9Oj07y6ajndA2\/ZtCEUmeJDOR0fjvHJ67pp3Fr\/iv3ZwrXLn915Yqv8ANC84jEEaKODhKY8F0SC1pW6EhyJYX0jkE\/7CGJ9LCz9xsCtHQWOajx\/V2XyfZtGqHfvpa+1Inisx7tohiKiXmK3lTt4pe\/SC5b94cWiYU6aUbTA9f3xjdaTgDYY9WadY5R0SBJwlNyKzZ9JJvzO3+5v2Jez0WmffaA3vgUCuJa5hU1r4N2EQvioOI4qtLelPpaZG6XETC3ug8AmvyhwqdHjmqTeI\/LmlVV0ptE4\/\/vtSMTRTxmaTtMmIAiTdok97+pJQrSoFyi+hdI9h4QD2kO+HA70ZzCE1NLz8phPuB63dvg2YaLmahKJy+MJW8ZgkVn3G0jPYu+PGaBDowsB\/me0S8iE9XUhNbszPP0gQxs5I53m1ispamoDqzdEdJ3P3NTCgwuAvURE4Nc0XPR4ie7L4QZoeEmvjmmjgeOk9Jj\/klAXNpfOcE0tg74GnQQGrZ2B0SS94A\/76jhwH5yxkCak\/c9vf3VwfTngCzr097GhYIMLEytfvsCWlQ8w8=\" \/><\/form> \t<div class=\"pdf24Plugin-cp-link\"> \t\t<a href=\"#\" onclick=\"var pdf24Win = window.open('about:blank', 'pdf24PopWin', 'resizable=yes,scrollbars=yes,width=600,height=250,left='+(screen.width\/2-300)+',top='+(screen.height\/3-125)+''); pdf24Win.focus(); document.pdf24Form0.submit(); if(typeof pdf24OnCreatePDF === 'function'){void(pdf24OnCreatePDF(this,pdf24Win));} return false;\">Download Artikel als PDF<\/a> \t<\/div> <\/div>","protected":false},"excerpt":{"rendered":"<p>Du kannst neue Posts diesen Blogs abonnieren. Dazu gibt es zwei M\u00f6glichkeiten. M\u00f6glichkeit 1: du benutzt das Chatprogramm &#8222;telegram&#8220;. Hierf\u00fcr gibt es einen Info-Channel, auf dem neue Posts automatisch erscheinen: https:\/\/t.me\/Gemeinheiten_und_Beobachtungen Dem Channel kannst du beitreten und ihn jederzeit wieder verlassen. Deine Daten werden von uns nicht gespeichert. Neben diesem Channel gibt es noch einen &hellip; <a href=\"https:\/\/gilbertbrands.de\/blog\/neue-posts-abonnieren\/\" class=\"more-link\"><span class=\"screen-reader-text\">Neue Posts abonnieren<\/span> weiterlesen <span class=\"meta-nav\">&rarr;<\/span><\/a><\/p>\n","protected":false},"author":1,"featured_media":0,"parent":0,"menu_order":0,"comment_status":"open","ping_status":"open","template":"","meta":{"footnotes":""},"class_list":["post-25","page","type-page","status-publish","hentry"],"post_mailing_queue_ids":[],"_links":{"self":[{"href":"https:\/\/gilbertbrands.de\/blog\/wp-json\/wp\/v2\/pages\/25","targetHints":{"allow":["GET"]}}],"collection":[{"href":"https:\/\/gilbertbrands.de\/blog\/wp-json\/wp\/v2\/pages"}],"about":[{"href":"https:\/\/gilbertbrands.de\/blog\/wp-json\/wp\/v2\/types\/page"}],"author":[{"embeddable":true,"href":"https:\/\/gilbertbrands.de\/blog\/wp-json\/wp\/v2\/users\/1"}],"replies":[{"embeddable":true,"href":"https:\/\/gilbertbrands.de\/blog\/wp-json\/wp\/v2\/comments?post=25"}],"version-history":[{"count":5,"href":"https:\/\/gilbertbrands.de\/blog\/wp-json\/wp\/v2\/pages\/25\/revisions"}],"predecessor-version":[{"id":4296,"href":"https:\/\/gilbertbrands.de\/blog\/wp-json\/wp\/v2\/pages\/25\/revisions\/4296"}],"wp:attachment":[{"href":"https:\/\/gilbertbrands.de\/blog\/wp-json\/wp\/v2\/media?parent=25"}],"curies":[{"name":"wp","href":"https:\/\/api.w.org\/{rel}","templated":true}]}}